{"id":36,"date":"2015-05-03T03:24:03","date_gmt":"2015-05-03T01:24:03","guid":{"rendered":"http:\/\/praxis-tausch.de\/wordpress\/?page_id=36"},"modified":"2015-05-03T03:24:03","modified_gmt":"2015-05-03T01:24:03","slug":"leistungen","status":"publish","type":"page","link":"http:\/\/praxis-tausch.de\/?page_id=36","title":{"rendered":"Leistungen"},"content":{"rendered":"<div id=\"cc-m-7156540786\" class=\"n j-header\">\n<h2 id=\"cc-m-header-7156540786\">Leistungen der Krankenkasse<\/h2>\n<\/div>\n<ul>\n<li>Gesundheitsvorsorgeuntersuchung alle 2 Jahre (f\u00fcr Patienten mit Hausarztmodel jedes Jahr) ab einem Alter von 35 Jahren<\/li>\n<li>Vorsorge bei Kindern \u00fcber 2 Jahren<\/li>\n<li>J\u00e4hrliche Grippeschutzimpfung sowie \u00dcberwachung, Auffrischung\u00a0und Durchf\u00fchrung von anderen Impfungen<\/li>\n<li>Schmerztherapie, Infusionstherapie und\u00a0Reizstrom<\/li>\n<li>Ultraschalluntersuchung<\/li>\n<li>Krebsvorsorgeuntersuchung f\u00fcr M\u00e4nner ab 50<\/li>\n<li>F\u00fcr Diabetiker Typ 2 wird das DMP angeboten (n\u00e4heres auf \u00a0Anfrage)<\/li>\n<li>Hausarztmodelle werden von der Aok, Dak, Barmer angeboten. Dabei zahlen sie einmal im Jahr 10 Euro ohne weitere Zahlung der Praxisgeb\u00fchr. Zus\u00e4tzlich einj\u00e4hriges Haustarztmodel<em><br \/>\n<\/em><\/li>\n<\/ul>\n<h2 id=\"cc-m-7156556186\" class=\"n j-header\">Nicht-Kassen\u00e4rztliche Leistungen<\/h2>\n<ul>\n<li>Vitalkur, Imunkur, Aufbaukur, Detoxikationskur (Entschlackung)<\/li>\n<li>Magnetfeldtherapie<\/li>\n<li>Beratung und Impfungen f\u00fcr Auslandsaufenthalt<\/li>\n<\/ul>\n","protected":false},"excerpt":{"rendered":"<p>Leistungen der Krankenkasse Gesundheitsvorsorgeuntersuchung alle 2 Jahre (f\u00fcr Patienten mit Hausarztmodel jedes Jahr) ab einem Alter von 35 Jahren Vorsorge bei Kindern \u00fcber 2 Jahren J\u00e4hrliche Grippeschutzimpfung sowie \u00dcberwachung, Auffrischung\u00a0und Durchf\u00fchrung von anderen Impfungen Schmerztherapie, Infusionstherapie und\u00a0Reizstrom Ultraschalluntersuchung Krebsvorsorgeuntersuchung f\u00fcr M\u00e4nner ab 50 F\u00fcr Diabetiker Typ 2 wird das DMP angeboten (n\u00e4heres auf \u00a0Anfrage) Hausarztmodelle werden von der Aok, Dak,&#8230; <a href=\"http:\/\/praxis-tausch.de\/?page_id=36\">Read more &raquo;<\/a><\/p>\n","protected":false},"author":1,"featured_media":0,"parent":0,"menu_order":0,"comment_status":"closed","ping_status":"closed","template":"","meta":[],"_links":{"self":[{"href":"http:\/\/praxis-tausch.de\/index.php?rest_route=\/wp\/v2\/pages\/36"}],"collection":[{"href":"http:\/\/praxis-tausch.de\/index.php?rest_route=\/wp\/v2\/pages"}],"about":[{"href":"http:\/\/praxis-tausch.de\/index.php?rest_route=\/wp\/v2\/types\/page"}],"author":[{"embeddable":true,"href":"http:\/\/praxis-tausch.de\/index.php?rest_route=\/wp\/v2\/users\/1"}],"replies":[{"embeddable":true,"href":"http:\/\/praxis-tausch.de\/index.php?rest_route=%2Fwp%2Fv2%2Fcomments&post=36"}],"version-history":[{"count":3,"href":"http:\/\/praxis-tausch.de\/index.php?rest_route=\/wp\/v2\/pages\/36\/revisions"}],"predecessor-version":[{"id":39,"href":"http:\/\/praxis-tausch.de\/index.php?rest_route=\/wp\/v2\/pages\/36\/revisions\/39"}],"wp:attachment":[{"href":"http:\/\/praxis-tausch.de\/index.php?rest_route=%2Fwp%2Fv2%2Fmedia&parent=36"}],"curies":[{"name":"wp","href":"https:\/\/api.w.org\/{rel}","templated":true}]}}